{"id":2588,"date":"2024-10-24T12:03:32","date_gmt":"2024-10-24T08:03:32","guid":{"rendered":"https:\/\/momentoom.com\/?page_id=2588"},"modified":"2024-11-07T12:32:16","modified_gmt":"2024-11-07T08:32:16","slug":"online-casino","status":"publish","type":"page","link":"https:\/\/momentoom.com\/tr\/online-casino\/","title":{"rendered":"Casino Agregat\u00f6r\u00fc"},"content":{"rendered":"","protected":false},"excerpt":{"rendered":"","protected":false},"author":2,"featured_media":1721,"parent":0,"menu_order":0,"comment_status":"closed","ping_status":"closed","template":"page-casino.php","meta":{"_acf_changed":false,"footnotes":""},"class_list":["post-2588","page","type-page","status-publish","has-post-thumbnail","hentry"],"acf":[],"yoast_head":"<!-- This site is optimized with the Yoast SEO plugin v23.0 - https:\/\/yoast.com\/wordpress\/plugins\/seo\/ -->\n<title>\u00c7evrimi\u00e7i Casino Yaz\u0131l\u0131m\u0131 | \u00c7evrimi\u00e7i Casino \u00c7\u00f6z\u00fcm\u00fc<\/title>\n<meta name=\"description\" content=\"Kapsaml\u0131 \u00c7evrimi\u00e7i Casino \u00e7\u00f6z\u00fcm\u00fcm\u00fcz\u00fc ke\u015ffedin; 10.000&#039;den fazla oyun sunan \u00f6nde gelen sa\u011flay\u0131c\u0131lardan oyunlar i\u00e7erir. \u00d6zelle\u015ftirilebilir ara\u00e7lardan, 7\/24 destekten ve geli\u015fmi\u015f analizlerden yararlanarak oyuncu etkile\u015fimini art\u0131r\u0131n ve k\u00e2rl\u0131l\u0131\u011f\u0131 maksimize edin. Casinonuzu zahmetsizce ba\u015flat\u0131n ve rekabet\u00e7i oyun pazar\u0131nda ba\u015far\u0131l\u0131 olun.\" \/>\n<meta name=\"robots\" content=\"index, follow, max-snippet:-1, max-image-preview:large, max-video-preview:-1\" \/>\n<link rel=\"canonical\" href=\"https:\/\/momentoom.com\/tr\/online-casino\/\" \/>\n<meta property=\"og:locale\" content=\"tr_TR\" \/>\n<meta property=\"og:type\" content=\"article\" \/>\n<meta property=\"og:title\" content=\"\u00c7evrimi\u00e7i Casino Yaz\u0131l\u0131m\u0131 | \u00c7evrimi\u00e7i Casino \u00c7\u00f6z\u00fcm\u00fc\" \/>\n<meta property=\"og:description\" content=\"Kapsaml\u0131 \u00c7evrimi\u00e7i Casino \u00e7\u00f6z\u00fcm\u00fcm\u00fcz\u00fc ke\u015ffedin; 10.000&#039;den fazla oyun sunan \u00f6nde gelen sa\u011flay\u0131c\u0131lardan oyunlar i\u00e7erir. \u00d6zelle\u015ftirilebilir ara\u00e7lardan, 7\/24 destekten ve geli\u015fmi\u015f analizlerden yararlanarak oyuncu etkile\u015fimini art\u0131r\u0131n ve k\u00e2rl\u0131l\u0131\u011f\u0131 maksimize edin. Casinonuzu zahmetsizce ba\u015flat\u0131n ve rekabet\u00e7i oyun pazar\u0131nda ba\u015far\u0131l\u0131 olun.\" \/>\n<meta property=\"og:url\" content=\"https:\/\/momentoom.com\/tr\/online-casino\/\" \/>\n<meta property=\"og:site_name\" content=\"Momentoom\" \/>\n<meta property=\"article:publisher\" content=\"https:\/\/www.facebook.com\/61554252904121\/\" \/>\n<meta property=\"article:modified_time\" content=\"2024-11-07T08:32:16+00:00\" \/>\n<meta property=\"og:image\" content=\"https:\/\/momentoom.com\/wp-content\/uploads\/2023\/12\/Live-casino-1024x576.png\" \/>\n\t<meta property=\"og:image:width\" content=\"1024\" \/>\n\t<meta property=\"og:image:height\" content=\"576\" \/>\n\t<meta property=\"og:image:type\" content=\"image\/png\" \/>\n<meta name=\"twitter:card\" content=\"summary_large_image\" \/>\n<meta name=\"twitter:label1\" content=\"Tahmini okuma s\u00fcresi\" \/>\n\t<meta name=\"twitter:data1\" content=\"1 dakika\" \/>\n<script type=\"application\/ld+json\" class=\"yoast-schema-graph\">{\"@context\":\"https:\/\/schema.org\",\"@graph\":[{\"@type\":\"WebPage\",\"@id\":\"https:\/\/momentoom.com\/tr\/online-casino\/\",\"url\":\"https:\/\/momentoom.com\/tr\/online-casino\/\",\"name\":\"\u00c7evrimi\u00e7i Casino Yaz\u0131l\u0131m\u0131 | \u00c7evrimi\u00e7i Casino \u00c7\u00f6z\u00fcm\u00fc\",\"isPartOf\":{\"@id\":\"https:\/\/momentoom.com\/es\/#website\"},\"primaryImageOfPage\":{\"@id\":\"https:\/\/momentoom.com\/tr\/online-casino\/#primaryimage\"},\"image\":{\"@id\":\"https:\/\/momentoom.com\/tr\/online-casino\/#primaryimage\"},\"thumbnailUrl\":\"https:\/\/momentoom.com\/wp-content\/uploads\/2023\/12\/Live-casino.png\",\"datePublished\":\"2024-10-24T08:03:32+00:00\",\"dateModified\":\"2024-11-07T08:32:16+00:00\",\"description\":\"Kapsaml\u0131 \u00c7evrimi\u00e7i Casino \u00e7\u00f6z\u00fcm\u00fcm\u00fcz\u00fc ke\u015ffedin; 10.000'den fazla oyun sunan \u00f6nde gelen sa\u011flay\u0131c\u0131lardan oyunlar i\u00e7erir. \u00d6zelle\u015ftirilebilir ara\u00e7lardan, 7\/24 destekten ve geli\u015fmi\u015f analizlerden yararlanarak oyuncu etkile\u015fimini art\u0131r\u0131n ve k\u00e2rl\u0131l\u0131\u011f\u0131 maksimize edin. Casinonuzu zahmetsizce ba\u015flat\u0131n ve rekabet\u00e7i oyun pazar\u0131nda ba\u015far\u0131l\u0131 olun.\",\"breadcrumb\":{\"@id\":\"https:\/\/momentoom.com\/tr\/online-casino\/#breadcrumb\"},\"inLanguage\":\"tr\",\"potentialAction\":[{\"@type\":\"ReadAction\",\"target\":[\"https:\/\/momentoom.com\/tr\/online-casino\/\"]}]},{\"@type\":\"ImageObject\",\"inLanguage\":\"tr\",\"@id\":\"https:\/\/momentoom.com\/tr\/online-casino\/#primaryimage\",\"url\":\"https:\/\/momentoom.com\/wp-content\/uploads\/2023\/12\/Live-casino.png\",\"contentUrl\":\"https:\/\/momentoom.com\/wp-content\/uploads\/2023\/12\/Live-casino.png\",\"width\":6000,\"height\":3375,\"caption\":\"Live Casino Software\"},{\"@type\":\"BreadcrumbList\",\"@id\":\"https:\/\/momentoom.com\/tr\/online-casino\/#breadcrumb\",\"itemListElement\":[{\"@type\":\"ListItem\",\"position\":1,\"name\":\"Home\",\"item\":\"https:\/\/momentoom.com\/tr\/\"},{\"@type\":\"ListItem\",\"position\":2,\"name\":\"Casino Agregat\u00f6r\u00fc\"}]},{\"@type\":\"WebSite\",\"@id\":\"https:\/\/momentoom.com\/es\/#website\",\"url\":\"https:\/\/momentoom.com\/es\/\",\"name\":\"Momentoom\",\"description\":\"\",\"publisher\":{\"@id\":\"https:\/\/momentoom.com\/es\/#organization\"},\"potentialAction\":[{\"@type\":\"SearchAction\",\"target\":{\"@type\":\"EntryPoint\",\"urlTemplate\":\"https:\/\/momentoom.com\/es\/?s={search_term_string}\"},\"query-input\":\"required name=search_term_string\"}],\"inLanguage\":\"tr\"},{\"@type\":\"Organization\",\"@id\":\"https:\/\/momentoom.com\/es\/#organization\",\"name\":\"Momentoom\",\"url\":\"https:\/\/momentoom.com\/es\/\",\"logo\":{\"@type\":\"ImageObject\",\"inLanguage\":\"tr\",\"@id\":\"https:\/\/momentoom.com\/es\/#\/schema\/logo\/image\/\",\"url\":\"https:\/\/momentoom.com\/wp-content\/uploads\/2024\/01\/momentoom_logo7.png\",\"contentUrl\":\"https:\/\/momentoom.com\/wp-content\/uploads\/2024\/01\/momentoom_logo7.png\",\"width\":5418,\"height\":2917,\"caption\":\"Momentoom\"},\"image\":{\"@id\":\"https:\/\/momentoom.com\/es\/#\/schema\/logo\/image\/\"},\"sameAs\":[\"https:\/\/www.facebook.com\/61554252904121\/\",\"https:\/\/www.linkedin.com\/company\/momentoomm\/\"]}]}<\/script>\n<!-- \/ Yoast SEO plugin. -->","yoast_head_json":{"title":"\u00c7evrimi\u00e7i Casino Yaz\u0131l\u0131m\u0131 | \u00c7evrimi\u00e7i Casino \u00c7\u00f6z\u00fcm\u00fc","description":"Kapsaml\u0131 \u00c7evrimi\u00e7i Casino \u00e7\u00f6z\u00fcm\u00fcm\u00fcz\u00fc ke\u015ffedin; 10.000'den fazla oyun sunan \u00f6nde gelen sa\u011flay\u0131c\u0131lardan oyunlar i\u00e7erir. \u00d6zelle\u015ftirilebilir ara\u00e7lardan, 7\/24 destekten ve geli\u015fmi\u015f analizlerden yararlanarak oyuncu etkile\u015fimini art\u0131r\u0131n ve k\u00e2rl\u0131l\u0131\u011f\u0131 maksimize edin. Casinonuzu zahmetsizce ba\u015flat\u0131n ve rekabet\u00e7i oyun pazar\u0131nda ba\u015far\u0131l\u0131 olun.","robots":{"index":"index","follow":"follow","max-snippet":"max-snippet:-1","max-image-preview":"max-image-preview:large","max-video-preview":"max-video-preview:-1"},"canonical":"https:\/\/momentoom.com\/tr\/online-casino\/","og_locale":"tr_TR","og_type":"article","og_title":"\u00c7evrimi\u00e7i Casino Yaz\u0131l\u0131m\u0131 | \u00c7evrimi\u00e7i Casino \u00c7\u00f6z\u00fcm\u00fc","og_description":"Kapsaml\u0131 \u00c7evrimi\u00e7i Casino \u00e7\u00f6z\u00fcm\u00fcm\u00fcz\u00fc ke\u015ffedin; 10.000'den fazla oyun sunan \u00f6nde gelen sa\u011flay\u0131c\u0131lardan oyunlar i\u00e7erir. \u00d6zelle\u015ftirilebilir ara\u00e7lardan, 7\/24 destekten ve geli\u015fmi\u015f analizlerden yararlanarak oyuncu etkile\u015fimini art\u0131r\u0131n ve k\u00e2rl\u0131l\u0131\u011f\u0131 maksimize edin. Casinonuzu zahmetsizce ba\u015flat\u0131n ve rekabet\u00e7i oyun pazar\u0131nda ba\u015far\u0131l\u0131 olun.","og_url":"https:\/\/momentoom.com\/tr\/online-casino\/","og_site_name":"Momentoom","article_publisher":"https:\/\/www.facebook.com\/61554252904121\/","article_modified_time":"2024-11-07T08:32:16+00:00","og_image":[{"width":1024,"height":576,"url":"https:\/\/momentoom.com\/wp-content\/uploads\/2023\/12\/Live-casino-1024x576.png","type":"image\/png"}],"twitter_card":"summary_large_image","twitter_misc":{"Tahmini okuma s\u00fcresi":"1 dakika"},"schema":{"@context":"https:\/\/schema.org","@graph":[{"@type":"WebPage","@id":"https:\/\/momentoom.com\/tr\/online-casino\/","url":"https:\/\/momentoom.com\/tr\/online-casino\/","name":"\u00c7evrimi\u00e7i Casino Yaz\u0131l\u0131m\u0131 | \u00c7evrimi\u00e7i Casino \u00c7\u00f6z\u00fcm\u00fc","isPartOf":{"@id":"https:\/\/momentoom.com\/es\/#website"},"primaryImageOfPage":{"@id":"https:\/\/momentoom.com\/tr\/online-casino\/#primaryimage"},"image":{"@id":"https:\/\/momentoom.com\/tr\/online-casino\/#primaryimage"},"thumbnailUrl":"https:\/\/momentoom.com\/wp-content\/uploads\/2023\/12\/Live-casino.png","datePublished":"2024-10-24T08:03:32+00:00","dateModified":"2024-11-07T08:32:16+00:00","description":"Kapsaml\u0131 \u00c7evrimi\u00e7i Casino \u00e7\u00f6z\u00fcm\u00fcm\u00fcz\u00fc ke\u015ffedin; 10.000'den fazla oyun sunan \u00f6nde gelen sa\u011flay\u0131c\u0131lardan oyunlar i\u00e7erir. \u00d6zelle\u015ftirilebilir ara\u00e7lardan, 7\/24 destekten ve geli\u015fmi\u015f analizlerden yararlanarak oyuncu etkile\u015fimini art\u0131r\u0131n ve k\u00e2rl\u0131l\u0131\u011f\u0131 maksimize edin. Casinonuzu zahmetsizce ba\u015flat\u0131n ve rekabet\u00e7i oyun pazar\u0131nda ba\u015far\u0131l\u0131 olun.","breadcrumb":{"@id":"https:\/\/momentoom.com\/tr\/online-casino\/#breadcrumb"},"inLanguage":"tr","potentialAction":[{"@type":"ReadAction","target":["https:\/\/momentoom.com\/tr\/online-casino\/"]}]},{"@type":"ImageObject","inLanguage":"tr","@id":"https:\/\/momentoom.com\/tr\/online-casino\/#primaryimage","url":"https:\/\/momentoom.com\/wp-content\/uploads\/2023\/12\/Live-casino.png","contentUrl":"https:\/\/momentoom.com\/wp-content\/uploads\/2023\/12\/Live-casino.png","width":6000,"height":3375,"caption":"Live Casino Software"},{"@type":"BreadcrumbList","@id":"https:\/\/momentoom.com\/tr\/online-casino\/#breadcrumb","itemListElement":[{"@type":"ListItem","position":1,"name":"Home","item":"https:\/\/momentoom.com\/tr\/"},{"@type":"ListItem","position":2,"name":"Casino Agregat\u00f6r\u00fc"}]},{"@type":"WebSite","@id":"https:\/\/momentoom.com\/es\/#website","url":"https:\/\/momentoom.com\/es\/","name":"Momentoom","description":"","publisher":{"@id":"https:\/\/momentoom.com\/es\/#organization"},"potentialAction":[{"@type":"SearchAction","target":{"@type":"EntryPoint","urlTemplate":"https:\/\/momentoom.com\/es\/?s={search_term_string}"},"query-input":"required name=search_term_string"}],"inLanguage":"tr"},{"@type":"Organization","@id":"https:\/\/momentoom.com\/es\/#organization","name":"Momentoom","url":"https:\/\/momentoom.com\/es\/","logo":{"@type":"ImageObject","inLanguage":"tr","@id":"https:\/\/momentoom.com\/es\/#\/schema\/logo\/image\/","url":"https:\/\/momentoom.com\/wp-content\/uploads\/2024\/01\/momentoom_logo7.png","contentUrl":"https:\/\/momentoom.com\/wp-content\/uploads\/2024\/01\/momentoom_logo7.png","width":5418,"height":2917,"caption":"Momentoom"},"image":{"@id":"https:\/\/momentoom.com\/es\/#\/schema\/logo\/image\/"},"sameAs":["https:\/\/www.facebook.com\/61554252904121\/","https:\/\/www.linkedin.com\/company\/momentoomm\/"]}]}},"_links":{"self":[{"href":"https:\/\/momentoom.com\/tr\/wp-json\/wp\/v2\/pages\/2588","targetHints":{"allow":["GET"]}}],"collection":[{"href":"https:\/\/momentoom.com\/tr\/wp-json\/wp\/v2\/pages"}],"about":[{"href":"https:\/\/momentoom.com\/tr\/wp-json\/wp\/v2\/types\/page"}],"author":[{"embeddable":true,"href":"https:\/\/momentoom.com\/tr\/wp-json\/wp\/v2\/users\/2"}],"replies":[{"embeddable":true,"href":"https:\/\/momentoom.com\/tr\/wp-json\/wp\/v2\/comments?post=2588"}],"version-history":[{"count":1,"href":"https:\/\/momentoom.com\/tr\/wp-json\/wp\/v2\/pages\/2588\/revisions"}],"predecessor-version":[{"id":2589,"href":"https:\/\/momentoom.com\/tr\/wp-json\/wp\/v2\/pages\/2588\/revisions\/2589"}],"wp:featuredmedia":[{"embeddable":true,"href":"https:\/\/momentoom.com\/tr\/wp-json\/wp\/v2\/media\/1721"}],"wp:attachment":[{"href":"https:\/\/momentoom.com\/tr\/wp-json\/wp\/v2\/media?parent=2588"}],"curies":[{"name":"wp","href":"https:\/\/api.w.org\/{rel}","templated":true}]}}