{"id":1890,"date":"2023-12-02T11:02:38","date_gmt":"2023-12-02T07:02:38","guid":{"rendered":"https:\/\/momentoom.com\/?page_id=1890"},"modified":"2023-12-28T14:21:56","modified_gmt":"2023-12-28T10:21:56","slug":"cozumler","status":"publish","type":"page","link":"https:\/\/momentoom.com\/tr\/cozumler\/","title":{"rendered":"\u00c7\u00f6z\u00fcmler"},"content":{"rendered":"","protected":false},"excerpt":{"rendered":"","protected":false},"author":2,"featured_media":1729,"parent":0,"menu_order":0,"comment_status":"closed","ping_status":"closed","template":"page-solutions.php","meta":{"_acf_changed":false,"footnotes":""},"class_list":["post-1890","page","type-page","status-publish","has-post-thumbnail","hentry"],"acf":[],"yoast_head":"<!-- This site is optimized with the Yoast SEO plugin v23.0 - https:\/\/yoast.com\/wordpress\/plugins\/seo\/ -->\n<title>iGaming Devrimi: Gelecek Nesil \u00c7\u00f6z\u00fcmlerin G\u00fcc\u00fcn\u00fc Serbest B\u0131rak\u0131n<\/title>\n<meta name=\"description\" content=\"iGaming devrimine kat\u0131l\u0131n, gelecek nesil \u00e7\u00f6z\u00fcmlerimizin g\u00fcc\u00fcn\u00fc serbest b\u0131rak\u0131n. Yenilik ve teknolojinin g\u00fcc\u00fcn\u00fc kullanarak oyun platformunuzu y\u00fckseltin. Gelece\u011fin iGaming d\u00fcnyas\u0131n\u0131, lider \u00e7\u00f6z\u00fcmlerimizle ke\u015ffedin.\" \/>\n<meta name=\"robots\" content=\"index, follow, max-snippet:-1, max-image-preview:large, max-video-preview:-1\" \/>\n<link rel=\"canonical\" href=\"https:\/\/momentoom.com\/tr\/cozumler\/\" \/>\n<meta property=\"og:locale\" content=\"tr_TR\" \/>\n<meta property=\"og:type\" content=\"article\" \/>\n<meta property=\"og:title\" content=\"iGaming Devrimi: Gelecek Nesil \u00c7\u00f6z\u00fcmlerin G\u00fcc\u00fcn\u00fc Serbest B\u0131rak\u0131n\" \/>\n<meta property=\"og:description\" content=\"iGaming devrimine kat\u0131l\u0131n, gelecek nesil \u00e7\u00f6z\u00fcmlerimizin g\u00fcc\u00fcn\u00fc serbest b\u0131rak\u0131n. Yenilik ve teknolojinin g\u00fcc\u00fcn\u00fc kullanarak oyun platformunuzu y\u00fckseltin. Gelece\u011fin iGaming d\u00fcnyas\u0131n\u0131, lider \u00e7\u00f6z\u00fcmlerimizle ke\u015ffedin.\" \/>\n<meta property=\"og:url\" content=\"https:\/\/momentoom.com\/tr\/cozumler\/\" \/>\n<meta property=\"og:site_name\" content=\"Momentoom\" \/>\n<meta property=\"article:publisher\" content=\"https:\/\/www.facebook.com\/61554252904121\/\" \/>\n<meta property=\"article:modified_time\" content=\"2023-12-28T10:21:56+00:00\" \/>\n<meta property=\"og:image\" content=\"https:\/\/momentoom.com\/wp-content\/uploads\/2023\/12\/Solutions-1024x576.png\" \/>\n\t<meta property=\"og:image:width\" content=\"1024\" \/>\n\t<meta property=\"og:image:height\" content=\"576\" \/>\n\t<meta property=\"og:image:type\" content=\"image\/png\" \/>\n<meta name=\"twitter:card\" content=\"summary_large_image\" \/>\n<meta name=\"twitter:label1\" content=\"Tahmini okuma s\u00fcresi\" \/>\n\t<meta name=\"twitter:data1\" content=\"1 dakika\" \/>\n<script type=\"application\/ld+json\" class=\"yoast-schema-graph\">{\"@context\":\"https:\/\/schema.org\",\"@graph\":[{\"@type\":\"WebPage\",\"@id\":\"https:\/\/momentoom.com\/tr\/cozumler\/\",\"url\":\"https:\/\/momentoom.com\/tr\/cozumler\/\",\"name\":\"iGaming Devrimi: Gelecek Nesil \u00c7\u00f6z\u00fcmlerin G\u00fcc\u00fcn\u00fc Serbest B\u0131rak\u0131n\",\"isPartOf\":{\"@id\":\"https:\/\/momentoom.com\/es\/#website\"},\"primaryImageOfPage\":{\"@id\":\"https:\/\/momentoom.com\/tr\/cozumler\/#primaryimage\"},\"image\":{\"@id\":\"https:\/\/momentoom.com\/tr\/cozumler\/#primaryimage\"},\"thumbnailUrl\":\"https:\/\/momentoom.com\/wp-content\/uploads\/2023\/12\/Solutions.png\",\"datePublished\":\"2023-12-02T07:02:38+00:00\",\"dateModified\":\"2023-12-28T10:21:56+00:00\",\"description\":\"iGaming devrimine kat\u0131l\u0131n, gelecek nesil \u00e7\u00f6z\u00fcmlerimizin g\u00fcc\u00fcn\u00fc serbest b\u0131rak\u0131n. Yenilik ve teknolojinin g\u00fcc\u00fcn\u00fc kullanarak oyun platformunuzu y\u00fckseltin. Gelece\u011fin iGaming d\u00fcnyas\u0131n\u0131, lider \u00e7\u00f6z\u00fcmlerimizle ke\u015ffedin.\",\"breadcrumb\":{\"@id\":\"https:\/\/momentoom.com\/tr\/cozumler\/#breadcrumb\"},\"inLanguage\":\"tr\",\"potentialAction\":[{\"@type\":\"ReadAction\",\"target\":[\"https:\/\/momentoom.com\/tr\/cozumler\/\"]}]},{\"@type\":\"ImageObject\",\"inLanguage\":\"tr\",\"@id\":\"https:\/\/momentoom.com\/tr\/cozumler\/#primaryimage\",\"url\":\"https:\/\/momentoom.com\/wp-content\/uploads\/2023\/12\/Solutions.png\",\"contentUrl\":\"https:\/\/momentoom.com\/wp-content\/uploads\/2023\/12\/Solutions.png\",\"width\":6000,\"height\":3375},{\"@type\":\"BreadcrumbList\",\"@id\":\"https:\/\/momentoom.com\/tr\/cozumler\/#breadcrumb\",\"itemListElement\":[{\"@type\":\"ListItem\",\"position\":1,\"name\":\"Home\",\"item\":\"https:\/\/momentoom.com\/tr\/\"},{\"@type\":\"ListItem\",\"position\":2,\"name\":\"\u00c7\u00f6z\u00fcmler\"}]},{\"@type\":\"WebSite\",\"@id\":\"https:\/\/momentoom.com\/es\/#website\",\"url\":\"https:\/\/momentoom.com\/es\/\",\"name\":\"Momentoom\",\"description\":\"\",\"publisher\":{\"@id\":\"https:\/\/momentoom.com\/es\/#organization\"},\"potentialAction\":[{\"@type\":\"SearchAction\",\"target\":{\"@type\":\"EntryPoint\",\"urlTemplate\":\"https:\/\/momentoom.com\/es\/?s={search_term_string}\"},\"query-input\":\"required name=search_term_string\"}],\"inLanguage\":\"tr\"},{\"@type\":\"Organization\",\"@id\":\"https:\/\/momentoom.com\/es\/#organization\",\"name\":\"Momentoom\",\"url\":\"https:\/\/momentoom.com\/es\/\",\"logo\":{\"@type\":\"ImageObject\",\"inLanguage\":\"tr\",\"@id\":\"https:\/\/momentoom.com\/es\/#\/schema\/logo\/image\/\",\"url\":\"https:\/\/momentoom.com\/wp-content\/uploads\/2024\/01\/momentoom_logo7.png\",\"contentUrl\":\"https:\/\/momentoom.com\/wp-content\/uploads\/2024\/01\/momentoom_logo7.png\",\"width\":5418,\"height\":2917,\"caption\":\"Momentoom\"},\"image\":{\"@id\":\"https:\/\/momentoom.com\/es\/#\/schema\/logo\/image\/\"},\"sameAs\":[\"https:\/\/www.facebook.com\/61554252904121\/\",\"https:\/\/www.linkedin.com\/company\/momentoomm\/\"]}]}<\/script>\n<!-- \/ Yoast SEO plugin. -->","yoast_head_json":{"title":"iGaming Devrimi: Gelecek Nesil \u00c7\u00f6z\u00fcmlerin G\u00fcc\u00fcn\u00fc Serbest B\u0131rak\u0131n","description":"iGaming devrimine kat\u0131l\u0131n, gelecek nesil \u00e7\u00f6z\u00fcmlerimizin g\u00fcc\u00fcn\u00fc serbest b\u0131rak\u0131n. Yenilik ve teknolojinin g\u00fcc\u00fcn\u00fc kullanarak oyun platformunuzu y\u00fckseltin. Gelece\u011fin iGaming d\u00fcnyas\u0131n\u0131, lider \u00e7\u00f6z\u00fcmlerimizle ke\u015ffedin.","robots":{"index":"index","follow":"follow","max-snippet":"max-snippet:-1","max-image-preview":"max-image-preview:large","max-video-preview":"max-video-preview:-1"},"canonical":"https:\/\/momentoom.com\/tr\/cozumler\/","og_locale":"tr_TR","og_type":"article","og_title":"iGaming Devrimi: Gelecek Nesil \u00c7\u00f6z\u00fcmlerin G\u00fcc\u00fcn\u00fc Serbest B\u0131rak\u0131n","og_description":"iGaming devrimine kat\u0131l\u0131n, gelecek nesil \u00e7\u00f6z\u00fcmlerimizin g\u00fcc\u00fcn\u00fc serbest b\u0131rak\u0131n. Yenilik ve teknolojinin g\u00fcc\u00fcn\u00fc kullanarak oyun platformunuzu y\u00fckseltin. Gelece\u011fin iGaming d\u00fcnyas\u0131n\u0131, lider \u00e7\u00f6z\u00fcmlerimizle ke\u015ffedin.","og_url":"https:\/\/momentoom.com\/tr\/cozumler\/","og_site_name":"Momentoom","article_publisher":"https:\/\/www.facebook.com\/61554252904121\/","article_modified_time":"2023-12-28T10:21:56+00:00","og_image":[{"width":1024,"height":576,"url":"https:\/\/momentoom.com\/wp-content\/uploads\/2023\/12\/Solutions-1024x576.png","type":"image\/png"}],"twitter_card":"summary_large_image","twitter_misc":{"Tahmini okuma s\u00fcresi":"1 dakika"},"schema":{"@context":"https:\/\/schema.org","@graph":[{"@type":"WebPage","@id":"https:\/\/momentoom.com\/tr\/cozumler\/","url":"https:\/\/momentoom.com\/tr\/cozumler\/","name":"iGaming Devrimi: Gelecek Nesil \u00c7\u00f6z\u00fcmlerin G\u00fcc\u00fcn\u00fc Serbest B\u0131rak\u0131n","isPartOf":{"@id":"https:\/\/momentoom.com\/es\/#website"},"primaryImageOfPage":{"@id":"https:\/\/momentoom.com\/tr\/cozumler\/#primaryimage"},"image":{"@id":"https:\/\/momentoom.com\/tr\/cozumler\/#primaryimage"},"thumbnailUrl":"https:\/\/momentoom.com\/wp-content\/uploads\/2023\/12\/Solutions.png","datePublished":"2023-12-02T07:02:38+00:00","dateModified":"2023-12-28T10:21:56+00:00","description":"iGaming devrimine kat\u0131l\u0131n, gelecek nesil \u00e7\u00f6z\u00fcmlerimizin g\u00fcc\u00fcn\u00fc serbest b\u0131rak\u0131n. Yenilik ve teknolojinin g\u00fcc\u00fcn\u00fc kullanarak oyun platformunuzu y\u00fckseltin. Gelece\u011fin iGaming d\u00fcnyas\u0131n\u0131, lider \u00e7\u00f6z\u00fcmlerimizle ke\u015ffedin.","breadcrumb":{"@id":"https:\/\/momentoom.com\/tr\/cozumler\/#breadcrumb"},"inLanguage":"tr","potentialAction":[{"@type":"ReadAction","target":["https:\/\/momentoom.com\/tr\/cozumler\/"]}]},{"@type":"ImageObject","inLanguage":"tr","@id":"https:\/\/momentoom.com\/tr\/cozumler\/#primaryimage","url":"https:\/\/momentoom.com\/wp-content\/uploads\/2023\/12\/Solutions.png","contentUrl":"https:\/\/momentoom.com\/wp-content\/uploads\/2023\/12\/Solutions.png","width":6000,"height":3375},{"@type":"BreadcrumbList","@id":"https:\/\/momentoom.com\/tr\/cozumler\/#breadcrumb","itemListElement":[{"@type":"ListItem","position":1,"name":"Home","item":"https:\/\/momentoom.com\/tr\/"},{"@type":"ListItem","position":2,"name":"\u00c7\u00f6z\u00fcmler"}]},{"@type":"WebSite","@id":"https:\/\/momentoom.com\/es\/#website","url":"https:\/\/momentoom.com\/es\/","name":"Momentoom","description":"","publisher":{"@id":"https:\/\/momentoom.com\/es\/#organization"},"potentialAction":[{"@type":"SearchAction","target":{"@type":"EntryPoint","urlTemplate":"https:\/\/momentoom.com\/es\/?s={search_term_string}"},"query-input":"required name=search_term_string"}],"inLanguage":"tr"},{"@type":"Organization","@id":"https:\/\/momentoom.com\/es\/#organization","name":"Momentoom","url":"https:\/\/momentoom.com\/es\/","logo":{"@type":"ImageObject","inLanguage":"tr","@id":"https:\/\/momentoom.com\/es\/#\/schema\/logo\/image\/","url":"https:\/\/momentoom.com\/wp-content\/uploads\/2024\/01\/momentoom_logo7.png","contentUrl":"https:\/\/momentoom.com\/wp-content\/uploads\/2024\/01\/momentoom_logo7.png","width":5418,"height":2917,"caption":"Momentoom"},"image":{"@id":"https:\/\/momentoom.com\/es\/#\/schema\/logo\/image\/"},"sameAs":["https:\/\/www.facebook.com\/61554252904121\/","https:\/\/www.linkedin.com\/company\/momentoomm\/"]}]}},"_links":{"self":[{"href":"https:\/\/momentoom.com\/tr\/wp-json\/wp\/v2\/pages\/1890","targetHints":{"allow":["GET"]}}],"collection":[{"href":"https:\/\/momentoom.com\/tr\/wp-json\/wp\/v2\/pages"}],"about":[{"href":"https:\/\/momentoom.com\/tr\/wp-json\/wp\/v2\/types\/page"}],"author":[{"embeddable":true,"href":"https:\/\/momentoom.com\/tr\/wp-json\/wp\/v2\/users\/2"}],"replies":[{"embeddable":true,"href":"https:\/\/momentoom.com\/tr\/wp-json\/wp\/v2\/comments?post=1890"}],"version-history":[{"count":2,"href":"https:\/\/momentoom.com\/tr\/wp-json\/wp\/v2\/pages\/1890\/revisions"}],"predecessor-version":[{"id":1892,"href":"https:\/\/momentoom.com\/tr\/wp-json\/wp\/v2\/pages\/1890\/revisions\/1892"}],"wp:featuredmedia":[{"embeddable":true,"href":"https:\/\/momentoom.com\/tr\/wp-json\/wp\/v2\/media\/1729"}],"wp:attachment":[{"href":"https:\/\/momentoom.com\/tr\/wp-json\/wp\/v2\/media?parent=1890"}],"curies":[{"name":"wp","href":"https:\/\/api.w.org\/{rel}","templated":true}]}}