{"id":1872,"date":"2023-07-27T12:22:43","date_gmt":"2023-07-27T08:22:43","guid":{"rendered":"https:\/\/momentoom.com\/?page_id=1872"},"modified":"2024-01-19T13:15:34","modified_gmt":"2024-01-19T09:15:34","slug":"platform","status":"publish","type":"page","link":"https:\/\/momentoom.com\/tr\/platform\/","title":{"rendered":"Platform"},"content":{"rendered":"","protected":false},"excerpt":{"rendered":"","protected":false},"author":2,"featured_media":1725,"parent":0,"menu_order":0,"comment_status":"closed","ping_status":"closed","template":"page-platform.php","meta":{"_acf_changed":false,"footnotes":""},"class_list":["post-1872","page","type-page","status-publish","has-post-thumbnail","hentry"],"acf":[],"yoast_head":"<!-- This site is optimized with the Yoast SEO plugin v23.0 - https:\/\/yoast.com\/wordpress\/plugins\/seo\/ -->\n<title>En \u0130yi Casino Oyunlar\u0131 Toplay\u0131c\u0131s\u0131 | Tek Platform, Sonsuz Olanaklar<\/title>\n<meta name=\"description\" content=\"Casino oyunlar\u0131 toplay\u0131c\u0131m\u0131zla bir d\u00fcnya ke\u015ffedin. En iyi oyunlar\u0131 tek bir platformda birle\u015ftirerek sonsuz e\u011flence se\u00e7enekleri sunuyoruz. \u00c7e\u015fitli ve kaliteli oyun katalogumuzla casino deneyiminizi y\u00fckseltin.\" \/>\n<meta name=\"robots\" content=\"index, follow, max-snippet:-1, max-image-preview:large, max-video-preview:-1\" \/>\n<link rel=\"canonical\" href=\"https:\/\/momentoom.com\/tr\/platform\/\" \/>\n<meta property=\"og:locale\" content=\"tr_TR\" \/>\n<meta property=\"og:type\" content=\"article\" \/>\n<meta property=\"og:title\" content=\"En \u0130yi Casino Oyunlar\u0131 Toplay\u0131c\u0131s\u0131 | Tek Platform, Sonsuz Olanaklar\" \/>\n<meta property=\"og:description\" content=\"Casino oyunlar\u0131 toplay\u0131c\u0131m\u0131zla bir d\u00fcnya ke\u015ffedin. En iyi oyunlar\u0131 tek bir platformda birle\u015ftirerek sonsuz e\u011flence se\u00e7enekleri sunuyoruz. \u00c7e\u015fitli ve kaliteli oyun katalogumuzla casino deneyiminizi y\u00fckseltin.\" \/>\n<meta property=\"og:url\" content=\"https:\/\/momentoom.com\/tr\/platform\/\" \/>\n<meta property=\"og:site_name\" content=\"Momentoom\" \/>\n<meta property=\"article:publisher\" content=\"https:\/\/www.facebook.com\/61554252904121\/\" \/>\n<meta property=\"article:modified_time\" content=\"2024-01-19T09:15:34+00:00\" \/>\n<meta property=\"og:image\" content=\"https:\/\/momentoom.com\/wp-content\/uploads\/2023\/12\/Platform-1024x576.png\" \/>\n\t<meta property=\"og:image:width\" content=\"1024\" \/>\n\t<meta property=\"og:image:height\" content=\"576\" \/>\n\t<meta property=\"og:image:type\" content=\"image\/png\" \/>\n<meta name=\"twitter:card\" content=\"summary_large_image\" \/>\n<meta name=\"twitter:label1\" content=\"Tahmini okuma s\u00fcresi\" \/>\n\t<meta name=\"twitter:data1\" content=\"1 dakika\" \/>\n<script type=\"application\/ld+json\" class=\"yoast-schema-graph\">{\"@context\":\"https:\/\/schema.org\",\"@graph\":[{\"@type\":\"WebPage\",\"@id\":\"https:\/\/momentoom.com\/tr\/platform\/\",\"url\":\"https:\/\/momentoom.com\/tr\/platform\/\",\"name\":\"En \u0130yi Casino Oyunlar\u0131 Toplay\u0131c\u0131s\u0131 | Tek Platform, Sonsuz Olanaklar\",\"isPartOf\":{\"@id\":\"https:\/\/momentoom.com\/es\/#website\"},\"primaryImageOfPage\":{\"@id\":\"https:\/\/momentoom.com\/tr\/platform\/#primaryimage\"},\"image\":{\"@id\":\"https:\/\/momentoom.com\/tr\/platform\/#primaryimage\"},\"thumbnailUrl\":\"https:\/\/momentoom.com\/wp-content\/uploads\/2023\/12\/Platform.png\",\"datePublished\":\"2023-07-27T08:22:43+00:00\",\"dateModified\":\"2024-01-19T09:15:34+00:00\",\"description\":\"Casino oyunlar\u0131 toplay\u0131c\u0131m\u0131zla bir d\u00fcnya ke\u015ffedin. En iyi oyunlar\u0131 tek bir platformda birle\u015ftirerek sonsuz e\u011flence se\u00e7enekleri sunuyoruz. \u00c7e\u015fitli ve kaliteli oyun katalogumuzla casino deneyiminizi y\u00fckseltin.\",\"breadcrumb\":{\"@id\":\"https:\/\/momentoom.com\/tr\/platform\/#breadcrumb\"},\"inLanguage\":\"tr\",\"potentialAction\":[{\"@type\":\"ReadAction\",\"target\":[\"https:\/\/momentoom.com\/tr\/platform\/\"]}]},{\"@type\":\"ImageObject\",\"inLanguage\":\"tr\",\"@id\":\"https:\/\/momentoom.com\/tr\/platform\/#primaryimage\",\"url\":\"https:\/\/momentoom.com\/wp-content\/uploads\/2023\/12\/Platform.png\",\"contentUrl\":\"https:\/\/momentoom.com\/wp-content\/uploads\/2023\/12\/Platform.png\",\"width\":6000,\"height\":3375},{\"@type\":\"BreadcrumbList\",\"@id\":\"https:\/\/momentoom.com\/tr\/platform\/#breadcrumb\",\"itemListElement\":[{\"@type\":\"ListItem\",\"position\":1,\"name\":\"Home\",\"item\":\"https:\/\/momentoom.com\/tr\/\"},{\"@type\":\"ListItem\",\"position\":2,\"name\":\"Platform\"}]},{\"@type\":\"WebSite\",\"@id\":\"https:\/\/momentoom.com\/es\/#website\",\"url\":\"https:\/\/momentoom.com\/es\/\",\"name\":\"Momentoom\",\"description\":\"\",\"publisher\":{\"@id\":\"https:\/\/momentoom.com\/es\/#organization\"},\"potentialAction\":[{\"@type\":\"SearchAction\",\"target\":{\"@type\":\"EntryPoint\",\"urlTemplate\":\"https:\/\/momentoom.com\/es\/?s={search_term_string}\"},\"query-input\":\"required name=search_term_string\"}],\"inLanguage\":\"tr\"},{\"@type\":\"Organization\",\"@id\":\"https:\/\/momentoom.com\/es\/#organization\",\"name\":\"Momentoom\",\"url\":\"https:\/\/momentoom.com\/es\/\",\"logo\":{\"@type\":\"ImageObject\",\"inLanguage\":\"tr\",\"@id\":\"https:\/\/momentoom.com\/es\/#\/schema\/logo\/image\/\",\"url\":\"https:\/\/momentoom.com\/wp-content\/uploads\/2024\/01\/momentoom_logo7.png\",\"contentUrl\":\"https:\/\/momentoom.com\/wp-content\/uploads\/2024\/01\/momentoom_logo7.png\",\"width\":5418,\"height\":2917,\"caption\":\"Momentoom\"},\"image\":{\"@id\":\"https:\/\/momentoom.com\/es\/#\/schema\/logo\/image\/\"},\"sameAs\":[\"https:\/\/www.facebook.com\/61554252904121\/\",\"https:\/\/www.linkedin.com\/company\/momentoomm\/\"]}]}<\/script>\n<!-- \/ Yoast SEO plugin. -->","yoast_head_json":{"title":"En \u0130yi Casino Oyunlar\u0131 Toplay\u0131c\u0131s\u0131 | Tek Platform, Sonsuz Olanaklar","description":"Casino oyunlar\u0131 toplay\u0131c\u0131m\u0131zla bir d\u00fcnya ke\u015ffedin. En iyi oyunlar\u0131 tek bir platformda birle\u015ftirerek sonsuz e\u011flence se\u00e7enekleri sunuyoruz. \u00c7e\u015fitli ve kaliteli oyun katalogumuzla casino deneyiminizi y\u00fckseltin.","robots":{"index":"index","follow":"follow","max-snippet":"max-snippet:-1","max-image-preview":"max-image-preview:large","max-video-preview":"max-video-preview:-1"},"canonical":"https:\/\/momentoom.com\/tr\/platform\/","og_locale":"tr_TR","og_type":"article","og_title":"En \u0130yi Casino Oyunlar\u0131 Toplay\u0131c\u0131s\u0131 | Tek Platform, Sonsuz Olanaklar","og_description":"Casino oyunlar\u0131 toplay\u0131c\u0131m\u0131zla bir d\u00fcnya ke\u015ffedin. En iyi oyunlar\u0131 tek bir platformda birle\u015ftirerek sonsuz e\u011flence se\u00e7enekleri sunuyoruz. \u00c7e\u015fitli ve kaliteli oyun katalogumuzla casino deneyiminizi y\u00fckseltin.","og_url":"https:\/\/momentoom.com\/tr\/platform\/","og_site_name":"Momentoom","article_publisher":"https:\/\/www.facebook.com\/61554252904121\/","article_modified_time":"2024-01-19T09:15:34+00:00","og_image":[{"width":1024,"height":576,"url":"https:\/\/momentoom.com\/wp-content\/uploads\/2023\/12\/Platform-1024x576.png","type":"image\/png"}],"twitter_card":"summary_large_image","twitter_misc":{"Tahmini okuma s\u00fcresi":"1 dakika"},"schema":{"@context":"https:\/\/schema.org","@graph":[{"@type":"WebPage","@id":"https:\/\/momentoom.com\/tr\/platform\/","url":"https:\/\/momentoom.com\/tr\/platform\/","name":"En \u0130yi Casino Oyunlar\u0131 Toplay\u0131c\u0131s\u0131 | Tek Platform, Sonsuz Olanaklar","isPartOf":{"@id":"https:\/\/momentoom.com\/es\/#website"},"primaryImageOfPage":{"@id":"https:\/\/momentoom.com\/tr\/platform\/#primaryimage"},"image":{"@id":"https:\/\/momentoom.com\/tr\/platform\/#primaryimage"},"thumbnailUrl":"https:\/\/momentoom.com\/wp-content\/uploads\/2023\/12\/Platform.png","datePublished":"2023-07-27T08:22:43+00:00","dateModified":"2024-01-19T09:15:34+00:00","description":"Casino oyunlar\u0131 toplay\u0131c\u0131m\u0131zla bir d\u00fcnya ke\u015ffedin. En iyi oyunlar\u0131 tek bir platformda birle\u015ftirerek sonsuz e\u011flence se\u00e7enekleri sunuyoruz. \u00c7e\u015fitli ve kaliteli oyun katalogumuzla casino deneyiminizi y\u00fckseltin.","breadcrumb":{"@id":"https:\/\/momentoom.com\/tr\/platform\/#breadcrumb"},"inLanguage":"tr","potentialAction":[{"@type":"ReadAction","target":["https:\/\/momentoom.com\/tr\/platform\/"]}]},{"@type":"ImageObject","inLanguage":"tr","@id":"https:\/\/momentoom.com\/tr\/platform\/#primaryimage","url":"https:\/\/momentoom.com\/wp-content\/uploads\/2023\/12\/Platform.png","contentUrl":"https:\/\/momentoom.com\/wp-content\/uploads\/2023\/12\/Platform.png","width":6000,"height":3375},{"@type":"BreadcrumbList","@id":"https:\/\/momentoom.com\/tr\/platform\/#breadcrumb","itemListElement":[{"@type":"ListItem","position":1,"name":"Home","item":"https:\/\/momentoom.com\/tr\/"},{"@type":"ListItem","position":2,"name":"Platform"}]},{"@type":"WebSite","@id":"https:\/\/momentoom.com\/es\/#website","url":"https:\/\/momentoom.com\/es\/","name":"Momentoom","description":"","publisher":{"@id":"https:\/\/momentoom.com\/es\/#organization"},"potentialAction":[{"@type":"SearchAction","target":{"@type":"EntryPoint","urlTemplate":"https:\/\/momentoom.com\/es\/?s={search_term_string}"},"query-input":"required name=search_term_string"}],"inLanguage":"tr"},{"@type":"Organization","@id":"https:\/\/momentoom.com\/es\/#organization","name":"Momentoom","url":"https:\/\/momentoom.com\/es\/","logo":{"@type":"ImageObject","inLanguage":"tr","@id":"https:\/\/momentoom.com\/es\/#\/schema\/logo\/image\/","url":"https:\/\/momentoom.com\/wp-content\/uploads\/2024\/01\/momentoom_logo7.png","contentUrl":"https:\/\/momentoom.com\/wp-content\/uploads\/2024\/01\/momentoom_logo7.png","width":5418,"height":2917,"caption":"Momentoom"},"image":{"@id":"https:\/\/momentoom.com\/es\/#\/schema\/logo\/image\/"},"sameAs":["https:\/\/www.facebook.com\/61554252904121\/","https:\/\/www.linkedin.com\/company\/momentoomm\/"]}]}},"_links":{"self":[{"href":"https:\/\/momentoom.com\/tr\/wp-json\/wp\/v2\/pages\/1872","targetHints":{"allow":["GET"]}}],"collection":[{"href":"https:\/\/momentoom.com\/tr\/wp-json\/wp\/v2\/pages"}],"about":[{"href":"https:\/\/momentoom.com\/tr\/wp-json\/wp\/v2\/types\/page"}],"author":[{"embeddable":true,"href":"https:\/\/momentoom.com\/tr\/wp-json\/wp\/v2\/users\/2"}],"replies":[{"embeddable":true,"href":"https:\/\/momentoom.com\/tr\/wp-json\/wp\/v2\/comments?post=1872"}],"version-history":[{"count":2,"href":"https:\/\/momentoom.com\/tr\/wp-json\/wp\/v2\/pages\/1872\/revisions"}],"predecessor-version":[{"id":1889,"href":"https:\/\/momentoom.com\/tr\/wp-json\/wp\/v2\/pages\/1872\/revisions\/1889"}],"wp:featuredmedia":[{"embeddable":true,"href":"https:\/\/momentoom.com\/tr\/wp-json\/wp\/v2\/media\/1725"}],"wp:attachment":[{"href":"https:\/\/momentoom.com\/tr\/wp-json\/wp\/v2\/media?parent=1872"}],"curies":[{"name":"wp","href":"https:\/\/api.w.org\/{rel}","templated":true}]}}