{"id":1790,"date":"2023-07-27T12:22:13","date_gmt":"2023-07-27T08:22:13","guid":{"rendered":"https:\/\/momentoom.com\/?page_id=1790"},"modified":"2024-01-19T13:13:58","modified_gmt":"2024-01-19T09:13:58","slug":"live-casino","status":"publish","type":"page","link":"https:\/\/momentoom.com\/tr\/live-casino\/","title":{"rendered":"Live Casino"},"content":{"rendered":"","protected":false},"excerpt":{"rendered":"","protected":false},"author":2,"featured_media":1721,"parent":0,"menu_order":0,"comment_status":"closed","ping_status":"closed","template":"page-casino.php","meta":{"_acf_changed":false,"footnotes":""},"class_list":["post-1790","page","type-page","status-publish","has-post-thumbnail","hentry"],"acf":[],"yoast_head":"<!-- This site is optimized with the Yoast SEO plugin v23.0 - https:\/\/yoast.com\/wordpress\/plugins\/seo\/ -->\n<title>Canl\u0131 Casino Yaz\u0131l\u0131m\u0131 | Momentoom&#039;un S\u00fcr\u00fckleyici \u00c7\u00f6z\u00fcmleri ile Heyecan\u0131 Eve Getirin<\/title>\n<meta name=\"description\" content=\"Oyuncular\u0131n\u0131z\u0131 canl\u0131 casino heyecan\u0131na s\u00fcr\u00fckleyin, Momentoom&#039;un son derece etkileyici yaz\u0131l\u0131m \u00e7\u00f6z\u00fcmleri ile. Evlerine casino atmosferini getiren s\u00fcr\u00fckleyici teknolojimizle oyun deneyimini y\u00fckseltin.\" \/>\n<meta name=\"robots\" content=\"index, follow, max-snippet:-1, max-image-preview:large, max-video-preview:-1\" \/>\n<link rel=\"canonical\" href=\"https:\/\/momentoom.com\/tr\/live-casino\/\" \/>\n<meta property=\"og:locale\" content=\"tr_TR\" \/>\n<meta property=\"og:type\" content=\"article\" \/>\n<meta property=\"og:title\" content=\"Canl\u0131 Casino Yaz\u0131l\u0131m\u0131 | Momentoom&#039;un S\u00fcr\u00fckleyici \u00c7\u00f6z\u00fcmleri ile Heyecan\u0131 Eve Getirin\" \/>\n<meta property=\"og:description\" content=\"Oyuncular\u0131n\u0131z\u0131 canl\u0131 casino heyecan\u0131na s\u00fcr\u00fckleyin, Momentoom&#039;un son derece etkileyici yaz\u0131l\u0131m \u00e7\u00f6z\u00fcmleri ile. Evlerine casino atmosferini getiren s\u00fcr\u00fckleyici teknolojimizle oyun deneyimini y\u00fckseltin.\" \/>\n<meta property=\"og:url\" content=\"https:\/\/momentoom.com\/tr\/live-casino\/\" \/>\n<meta property=\"og:site_name\" content=\"Momentoom\" \/>\n<meta property=\"article:publisher\" content=\"https:\/\/www.facebook.com\/61554252904121\/\" \/>\n<meta property=\"article:modified_time\" content=\"2024-01-19T09:13:58+00:00\" \/>\n<meta property=\"og:image\" content=\"https:\/\/momentoom.com\/wp-content\/uploads\/2023\/12\/Live-casino-1024x576.png\" \/>\n\t<meta property=\"og:image:width\" content=\"1024\" \/>\n\t<meta property=\"og:image:height\" content=\"576\" \/>\n\t<meta property=\"og:image:type\" content=\"image\/png\" \/>\n<meta name=\"twitter:card\" content=\"summary_large_image\" \/>\n<meta name=\"twitter:label1\" content=\"Tahmini okuma s\u00fcresi\" \/>\n\t<meta name=\"twitter:data1\" content=\"1 dakika\" \/>\n<script type=\"application\/ld+json\" class=\"yoast-schema-graph\">{\"@context\":\"https:\/\/schema.org\",\"@graph\":[{\"@type\":\"WebPage\",\"@id\":\"https:\/\/momentoom.com\/tr\/live-casino\/\",\"url\":\"https:\/\/momentoom.com\/tr\/live-casino\/\",\"name\":\"Canl\u0131 Casino Yaz\u0131l\u0131m\u0131 | Momentoom'un S\u00fcr\u00fckleyici \u00c7\u00f6z\u00fcmleri ile Heyecan\u0131 Eve Getirin\",\"isPartOf\":{\"@id\":\"https:\/\/momentoom.com\/es\/#website\"},\"primaryImageOfPage\":{\"@id\":\"https:\/\/momentoom.com\/tr\/live-casino\/#primaryimage\"},\"image\":{\"@id\":\"https:\/\/momentoom.com\/tr\/live-casino\/#primaryimage\"},\"thumbnailUrl\":\"https:\/\/momentoom.com\/wp-content\/uploads\/2023\/12\/Live-casino.png\",\"datePublished\":\"2023-07-27T08:22:13+00:00\",\"dateModified\":\"2024-01-19T09:13:58+00:00\",\"description\":\"Oyuncular\u0131n\u0131z\u0131 canl\u0131 casino heyecan\u0131na s\u00fcr\u00fckleyin, Momentoom'un son derece etkileyici yaz\u0131l\u0131m \u00e7\u00f6z\u00fcmleri ile. Evlerine casino atmosferini getiren s\u00fcr\u00fckleyici teknolojimizle oyun deneyimini y\u00fckseltin.\",\"breadcrumb\":{\"@id\":\"https:\/\/momentoom.com\/tr\/live-casino\/#breadcrumb\"},\"inLanguage\":\"tr\",\"potentialAction\":[{\"@type\":\"ReadAction\",\"target\":[\"https:\/\/momentoom.com\/tr\/live-casino\/\"]}]},{\"@type\":\"ImageObject\",\"inLanguage\":\"tr\",\"@id\":\"https:\/\/momentoom.com\/tr\/live-casino\/#primaryimage\",\"url\":\"https:\/\/momentoom.com\/wp-content\/uploads\/2023\/12\/Live-casino.png\",\"contentUrl\":\"https:\/\/momentoom.com\/wp-content\/uploads\/2023\/12\/Live-casino.png\",\"width\":6000,\"height\":3375,\"caption\":\"Live Casino Software\"},{\"@type\":\"BreadcrumbList\",\"@id\":\"https:\/\/momentoom.com\/tr\/live-casino\/#breadcrumb\",\"itemListElement\":[{\"@type\":\"ListItem\",\"position\":1,\"name\":\"Home\",\"item\":\"https:\/\/momentoom.com\/tr\/\"},{\"@type\":\"ListItem\",\"position\":2,\"name\":\"Live Casino\"}]},{\"@type\":\"WebSite\",\"@id\":\"https:\/\/momentoom.com\/es\/#website\",\"url\":\"https:\/\/momentoom.com\/es\/\",\"name\":\"Momentoom\",\"description\":\"\",\"publisher\":{\"@id\":\"https:\/\/momentoom.com\/es\/#organization\"},\"potentialAction\":[{\"@type\":\"SearchAction\",\"target\":{\"@type\":\"EntryPoint\",\"urlTemplate\":\"https:\/\/momentoom.com\/es\/?s={search_term_string}\"},\"query-input\":\"required name=search_term_string\"}],\"inLanguage\":\"tr\"},{\"@type\":\"Organization\",\"@id\":\"https:\/\/momentoom.com\/es\/#organization\",\"name\":\"Momentoom\",\"url\":\"https:\/\/momentoom.com\/es\/\",\"logo\":{\"@type\":\"ImageObject\",\"inLanguage\":\"tr\",\"@id\":\"https:\/\/momentoom.com\/es\/#\/schema\/logo\/image\/\",\"url\":\"https:\/\/momentoom.com\/wp-content\/uploads\/2024\/01\/momentoom_logo7.png\",\"contentUrl\":\"https:\/\/momentoom.com\/wp-content\/uploads\/2024\/01\/momentoom_logo7.png\",\"width\":5418,\"height\":2917,\"caption\":\"Momentoom\"},\"image\":{\"@id\":\"https:\/\/momentoom.com\/es\/#\/schema\/logo\/image\/\"},\"sameAs\":[\"https:\/\/www.facebook.com\/61554252904121\/\",\"https:\/\/www.linkedin.com\/company\/momentoomm\/\"]}]}<\/script>\n<!-- \/ Yoast SEO plugin. -->","yoast_head_json":{"title":"Canl\u0131 Casino Yaz\u0131l\u0131m\u0131 | Momentoom'un S\u00fcr\u00fckleyici \u00c7\u00f6z\u00fcmleri ile Heyecan\u0131 Eve Getirin","description":"Oyuncular\u0131n\u0131z\u0131 canl\u0131 casino heyecan\u0131na s\u00fcr\u00fckleyin, Momentoom'un son derece etkileyici yaz\u0131l\u0131m \u00e7\u00f6z\u00fcmleri ile. Evlerine casino atmosferini getiren s\u00fcr\u00fckleyici teknolojimizle oyun deneyimini y\u00fckseltin.","robots":{"index":"index","follow":"follow","max-snippet":"max-snippet:-1","max-image-preview":"max-image-preview:large","max-video-preview":"max-video-preview:-1"},"canonical":"https:\/\/momentoom.com\/tr\/live-casino\/","og_locale":"tr_TR","og_type":"article","og_title":"Canl\u0131 Casino Yaz\u0131l\u0131m\u0131 | Momentoom'un S\u00fcr\u00fckleyici \u00c7\u00f6z\u00fcmleri ile Heyecan\u0131 Eve Getirin","og_description":"Oyuncular\u0131n\u0131z\u0131 canl\u0131 casino heyecan\u0131na s\u00fcr\u00fckleyin, Momentoom'un son derece etkileyici yaz\u0131l\u0131m \u00e7\u00f6z\u00fcmleri ile. Evlerine casino atmosferini getiren s\u00fcr\u00fckleyici teknolojimizle oyun deneyimini y\u00fckseltin.","og_url":"https:\/\/momentoom.com\/tr\/live-casino\/","og_site_name":"Momentoom","article_publisher":"https:\/\/www.facebook.com\/61554252904121\/","article_modified_time":"2024-01-19T09:13:58+00:00","og_image":[{"width":1024,"height":576,"url":"https:\/\/momentoom.com\/wp-content\/uploads\/2023\/12\/Live-casino-1024x576.png","type":"image\/png"}],"twitter_card":"summary_large_image","twitter_misc":{"Tahmini okuma s\u00fcresi":"1 dakika"},"schema":{"@context":"https:\/\/schema.org","@graph":[{"@type":"WebPage","@id":"https:\/\/momentoom.com\/tr\/live-casino\/","url":"https:\/\/momentoom.com\/tr\/live-casino\/","name":"Canl\u0131 Casino Yaz\u0131l\u0131m\u0131 | Momentoom'un S\u00fcr\u00fckleyici \u00c7\u00f6z\u00fcmleri ile Heyecan\u0131 Eve Getirin","isPartOf":{"@id":"https:\/\/momentoom.com\/es\/#website"},"primaryImageOfPage":{"@id":"https:\/\/momentoom.com\/tr\/live-casino\/#primaryimage"},"image":{"@id":"https:\/\/momentoom.com\/tr\/live-casino\/#primaryimage"},"thumbnailUrl":"https:\/\/momentoom.com\/wp-content\/uploads\/2023\/12\/Live-casino.png","datePublished":"2023-07-27T08:22:13+00:00","dateModified":"2024-01-19T09:13:58+00:00","description":"Oyuncular\u0131n\u0131z\u0131 canl\u0131 casino heyecan\u0131na s\u00fcr\u00fckleyin, Momentoom'un son derece etkileyici yaz\u0131l\u0131m \u00e7\u00f6z\u00fcmleri ile. Evlerine casino atmosferini getiren s\u00fcr\u00fckleyici teknolojimizle oyun deneyimini y\u00fckseltin.","breadcrumb":{"@id":"https:\/\/momentoom.com\/tr\/live-casino\/#breadcrumb"},"inLanguage":"tr","potentialAction":[{"@type":"ReadAction","target":["https:\/\/momentoom.com\/tr\/live-casino\/"]}]},{"@type":"ImageObject","inLanguage":"tr","@id":"https:\/\/momentoom.com\/tr\/live-casino\/#primaryimage","url":"https:\/\/momentoom.com\/wp-content\/uploads\/2023\/12\/Live-casino.png","contentUrl":"https:\/\/momentoom.com\/wp-content\/uploads\/2023\/12\/Live-casino.png","width":6000,"height":3375,"caption":"Live Casino Software"},{"@type":"BreadcrumbList","@id":"https:\/\/momentoom.com\/tr\/live-casino\/#breadcrumb","itemListElement":[{"@type":"ListItem","position":1,"name":"Home","item":"https:\/\/momentoom.com\/tr\/"},{"@type":"ListItem","position":2,"name":"Live Casino"}]},{"@type":"WebSite","@id":"https:\/\/momentoom.com\/es\/#website","url":"https:\/\/momentoom.com\/es\/","name":"Momentoom","description":"","publisher":{"@id":"https:\/\/momentoom.com\/es\/#organization"},"potentialAction":[{"@type":"SearchAction","target":{"@type":"EntryPoint","urlTemplate":"https:\/\/momentoom.com\/es\/?s={search_term_string}"},"query-input":"required name=search_term_string"}],"inLanguage":"tr"},{"@type":"Organization","@id":"https:\/\/momentoom.com\/es\/#organization","name":"Momentoom","url":"https:\/\/momentoom.com\/es\/","logo":{"@type":"ImageObject","inLanguage":"tr","@id":"https:\/\/momentoom.com\/es\/#\/schema\/logo\/image\/","url":"https:\/\/momentoom.com\/wp-content\/uploads\/2024\/01\/momentoom_logo7.png","contentUrl":"https:\/\/momentoom.com\/wp-content\/uploads\/2024\/01\/momentoom_logo7.png","width":5418,"height":2917,"caption":"Momentoom"},"image":{"@id":"https:\/\/momentoom.com\/es\/#\/schema\/logo\/image\/"},"sameAs":["https:\/\/www.facebook.com\/61554252904121\/","https:\/\/www.linkedin.com\/company\/momentoomm\/"]}]}},"_links":{"self":[{"href":"https:\/\/momentoom.com\/tr\/wp-json\/wp\/v2\/pages\/1790","targetHints":{"allow":["GET"]}}],"collection":[{"href":"https:\/\/momentoom.com\/tr\/wp-json\/wp\/v2\/pages"}],"about":[{"href":"https:\/\/momentoom.com\/tr\/wp-json\/wp\/v2\/types\/page"}],"author":[{"embeddable":true,"href":"https:\/\/momentoom.com\/tr\/wp-json\/wp\/v2\/users\/2"}],"replies":[{"embeddable":true,"href":"https:\/\/momentoom.com\/tr\/wp-json\/wp\/v2\/comments?post=1790"}],"version-history":[{"count":13,"href":"https:\/\/momentoom.com\/tr\/wp-json\/wp\/v2\/pages\/1790\/revisions"}],"predecessor-version":[{"id":1822,"href":"https:\/\/momentoom.com\/tr\/wp-json\/wp\/v2\/pages\/1790\/revisions\/1822"}],"wp:featuredmedia":[{"embeddable":true,"href":"https:\/\/momentoom.com\/tr\/wp-json\/wp\/v2\/media\/1721"}],"wp:attachment":[{"href":"https:\/\/momentoom.com\/tr\/wp-json\/wp\/v2\/media?parent=1790"}],"curies":[{"name":"wp","href":"https:\/\/api.w.org\/{rel}","templated":true}]}}