{"id":1222,"date":"2023-12-02T11:02:38","date_gmt":"2023-12-02T07:02:38","guid":{"rendered":"https:\/\/momentoom.com\/?page_id=1222"},"modified":"2024-01-09T17:58:09","modified_gmt":"2024-01-09T13:58:09","slug":"solutions","status":"publish","type":"page","link":"https:\/\/momentoom.com\/es\/solutions\/","title":{"rendered":"Soluciones"},"content":{"rendered":"","protected":false},"excerpt":{"rendered":"","protected":false},"author":2,"featured_media":1728,"parent":0,"menu_order":0,"comment_status":"closed","ping_status":"closed","template":"page-solutions.php","meta":{"_acf_changed":false,"footnotes":""},"class_list":["post-1222","page","type-page","status-publish","has-post-thumbnail","hentry"],"acf":[],"yoast_head":"<!-- This site is optimized with the Yoast SEO plugin v23.0 - https:\/\/yoast.com\/wordpress\/plugins\/seo\/ -->\n<title>Revoluci\u00f3n en iGaming: Libera el Poder de las Soluciones de Pr\u00f3xima Generaci\u00f3n<\/title>\n<meta name=\"description\" content=\"\u00danete a la revoluci\u00f3n en iGaming con nuestras soluciones de pr\u00f3xima generaci\u00f3n. Libera el poder de la innovaci\u00f3n y la tecnolog\u00eda para llevar tu plataforma de juego a nuevas alturas. Abraza el futuro del iGaming con nuestras soluciones de vanguardia.\" \/>\n<meta name=\"robots\" content=\"index, follow, max-snippet:-1, max-image-preview:large, max-video-preview:-1\" \/>\n<link rel=\"canonical\" href=\"https:\/\/momentoom.com\/tr\/cozumler\/\" \/>\n<meta property=\"og:locale\" content=\"es_ES\" \/>\n<meta property=\"og:type\" content=\"article\" \/>\n<meta property=\"og:title\" content=\"Revoluci\u00f3n en iGaming: Libera el Poder de las Soluciones de Pr\u00f3xima Generaci\u00f3n\" \/>\n<meta property=\"og:description\" content=\"\u00danete a la revoluci\u00f3n en iGaming con nuestras soluciones de pr\u00f3xima generaci\u00f3n. Libera el poder de la innovaci\u00f3n y la tecnolog\u00eda para llevar tu plataforma de juego a nuevas alturas. Abraza el futuro del iGaming con nuestras soluciones de vanguardia.\" \/>\n<meta property=\"og:url\" content=\"https:\/\/momentoom.com\/tr\/cozumler\/\" \/>\n<meta property=\"og:site_name\" content=\"Momentoom\" \/>\n<meta property=\"article:publisher\" content=\"https:\/\/www.facebook.com\/61554252904121\/\" \/>\n<meta property=\"article:modified_time\" content=\"2024-01-09T13:58:09+00:00\" \/>\n<meta property=\"og:image\" content=\"https:\/\/momentoom.com\/wp-content\/uploads\/2023\/12\/Solutions-1024x576.png\" \/>\n\t<meta property=\"og:image:width\" content=\"1024\" \/>\n\t<meta property=\"og:image:height\" content=\"576\" \/>\n\t<meta property=\"og:image:type\" content=\"image\/png\" \/>\n<meta name=\"twitter:card\" content=\"summary_large_image\" \/>\n<meta name=\"twitter:label1\" content=\"Tiempo de lectura\" \/>\n\t<meta name=\"twitter:data1\" content=\"1 minuto\" \/>\n<script type=\"application\/ld+json\" class=\"yoast-schema-graph\">{\"@context\":\"https:\/\/schema.org\",\"@graph\":[{\"@type\":\"WebPage\",\"@id\":\"https:\/\/momentoom.com\/tr\/cozumler\/\",\"url\":\"https:\/\/momentoom.com\/tr\/cozumler\/\",\"name\":\"Revoluci\u00f3n en iGaming: Libera el Poder de las Soluciones de Pr\u00f3xima Generaci\u00f3n\",\"isPartOf\":{\"@id\":\"https:\/\/momentoom.com\/es\/#website\"},\"primaryImageOfPage\":{\"@id\":\"https:\/\/momentoom.com\/tr\/cozumler\/#primaryimage\"},\"image\":{\"@id\":\"https:\/\/momentoom.com\/tr\/cozumler\/#primaryimage\"},\"thumbnailUrl\":\"https:\/\/momentoom.com\/wp-content\/uploads\/2023\/12\/Solutions.png\",\"datePublished\":\"2023-12-02T07:02:38+00:00\",\"dateModified\":\"2024-01-09T13:58:09+00:00\",\"description\":\"\u00danete a la revoluci\u00f3n en iGaming con nuestras soluciones de pr\u00f3xima generaci\u00f3n. Libera el poder de la innovaci\u00f3n y la tecnolog\u00eda para llevar tu plataforma de juego a nuevas alturas. Abraza el futuro del iGaming con nuestras soluciones de vanguardia.\",\"breadcrumb\":{\"@id\":\"https:\/\/momentoom.com\/tr\/cozumler\/#breadcrumb\"},\"inLanguage\":\"es\",\"potentialAction\":[{\"@type\":\"ReadAction\",\"target\":[\"https:\/\/momentoom.com\/tr\/cozumler\/\"]}]},{\"@type\":\"ImageObject\",\"inLanguage\":\"es\",\"@id\":\"https:\/\/momentoom.com\/tr\/cozumler\/#primaryimage\",\"url\":\"https:\/\/momentoom.com\/wp-content\/uploads\/2023\/12\/Solutions.png\",\"contentUrl\":\"https:\/\/momentoom.com\/wp-content\/uploads\/2023\/12\/Solutions.png\",\"width\":6000,\"height\":3375},{\"@type\":\"BreadcrumbList\",\"@id\":\"https:\/\/momentoom.com\/tr\/cozumler\/#breadcrumb\",\"itemListElement\":[{\"@type\":\"ListItem\",\"position\":1,\"name\":\"Home\",\"item\":\"https:\/\/momentoom.com\/es\/\"},{\"@type\":\"ListItem\",\"position\":2,\"name\":\"Soluciones\"}]},{\"@type\":\"WebSite\",\"@id\":\"https:\/\/momentoom.com\/es\/#website\",\"url\":\"https:\/\/momentoom.com\/es\/\",\"name\":\"Momentoom\",\"description\":\"\",\"publisher\":{\"@id\":\"https:\/\/momentoom.com\/es\/#organization\"},\"potentialAction\":[{\"@type\":\"SearchAction\",\"target\":{\"@type\":\"EntryPoint\",\"urlTemplate\":\"https:\/\/momentoom.com\/es\/?s={search_term_string}\"},\"query-input\":\"required name=search_term_string\"}],\"inLanguage\":\"es\"},{\"@type\":\"Organization\",\"@id\":\"https:\/\/momentoom.com\/es\/#organization\",\"name\":\"Momentoom\",\"url\":\"https:\/\/momentoom.com\/es\/\",\"logo\":{\"@type\":\"ImageObject\",\"inLanguage\":\"es\",\"@id\":\"https:\/\/momentoom.com\/es\/#\/schema\/logo\/image\/\",\"url\":\"https:\/\/momentoom.com\/wp-content\/uploads\/2024\/01\/momentoom_logo7.png\",\"contentUrl\":\"https:\/\/momentoom.com\/wp-content\/uploads\/2024\/01\/momentoom_logo7.png\",\"width\":5418,\"height\":2917,\"caption\":\"Momentoom\"},\"image\":{\"@id\":\"https:\/\/momentoom.com\/es\/#\/schema\/logo\/image\/\"},\"sameAs\":[\"https:\/\/www.facebook.com\/61554252904121\/\",\"https:\/\/www.linkedin.com\/company\/momentoomm\/\"]}]}<\/script>\n<!-- \/ Yoast SEO plugin. -->","yoast_head_json":{"title":"Revoluci\u00f3n en iGaming: Libera el Poder de las Soluciones de Pr\u00f3xima Generaci\u00f3n","description":"\u00danete a la revoluci\u00f3n en iGaming con nuestras soluciones de pr\u00f3xima generaci\u00f3n. Libera el poder de la innovaci\u00f3n y la tecnolog\u00eda para llevar tu plataforma de juego a nuevas alturas. Abraza el futuro del iGaming con nuestras soluciones de vanguardia.","robots":{"index":"index","follow":"follow","max-snippet":"max-snippet:-1","max-image-preview":"max-image-preview:large","max-video-preview":"max-video-preview:-1"},"canonical":"https:\/\/momentoom.com\/tr\/cozumler\/","og_locale":"es_ES","og_type":"article","og_title":"Revoluci\u00f3n en iGaming: Libera el Poder de las Soluciones de Pr\u00f3xima Generaci\u00f3n","og_description":"\u00danete a la revoluci\u00f3n en iGaming con nuestras soluciones de pr\u00f3xima generaci\u00f3n. Libera el poder de la innovaci\u00f3n y la tecnolog\u00eda para llevar tu plataforma de juego a nuevas alturas. Abraza el futuro del iGaming con nuestras soluciones de vanguardia.","og_url":"https:\/\/momentoom.com\/tr\/cozumler\/","og_site_name":"Momentoom","article_publisher":"https:\/\/www.facebook.com\/61554252904121\/","article_modified_time":"2024-01-09T13:58:09+00:00","og_image":[{"width":1024,"height":576,"url":"https:\/\/momentoom.com\/wp-content\/uploads\/2023\/12\/Solutions-1024x576.png","type":"image\/png"}],"twitter_card":"summary_large_image","twitter_misc":{"Tiempo de lectura":"1 minuto"},"schema":{"@context":"https:\/\/schema.org","@graph":[{"@type":"WebPage","@id":"https:\/\/momentoom.com\/tr\/cozumler\/","url":"https:\/\/momentoom.com\/tr\/cozumler\/","name":"Revoluci\u00f3n en iGaming: Libera el Poder de las Soluciones de Pr\u00f3xima Generaci\u00f3n","isPartOf":{"@id":"https:\/\/momentoom.com\/es\/#website"},"primaryImageOfPage":{"@id":"https:\/\/momentoom.com\/tr\/cozumler\/#primaryimage"},"image":{"@id":"https:\/\/momentoom.com\/tr\/cozumler\/#primaryimage"},"thumbnailUrl":"https:\/\/momentoom.com\/wp-content\/uploads\/2023\/12\/Solutions.png","datePublished":"2023-12-02T07:02:38+00:00","dateModified":"2024-01-09T13:58:09+00:00","description":"\u00danete a la revoluci\u00f3n en iGaming con nuestras soluciones de pr\u00f3xima generaci\u00f3n. Libera el poder de la innovaci\u00f3n y la tecnolog\u00eda para llevar tu plataforma de juego a nuevas alturas. Abraza el futuro del iGaming con nuestras soluciones de vanguardia.","breadcrumb":{"@id":"https:\/\/momentoom.com\/tr\/cozumler\/#breadcrumb"},"inLanguage":"es","potentialAction":[{"@type":"ReadAction","target":["https:\/\/momentoom.com\/tr\/cozumler\/"]}]},{"@type":"ImageObject","inLanguage":"es","@id":"https:\/\/momentoom.com\/tr\/cozumler\/#primaryimage","url":"https:\/\/momentoom.com\/wp-content\/uploads\/2023\/12\/Solutions.png","contentUrl":"https:\/\/momentoom.com\/wp-content\/uploads\/2023\/12\/Solutions.png","width":6000,"height":3375},{"@type":"BreadcrumbList","@id":"https:\/\/momentoom.com\/tr\/cozumler\/#breadcrumb","itemListElement":[{"@type":"ListItem","position":1,"name":"Home","item":"https:\/\/momentoom.com\/es\/"},{"@type":"ListItem","position":2,"name":"Soluciones"}]},{"@type":"WebSite","@id":"https:\/\/momentoom.com\/es\/#website","url":"https:\/\/momentoom.com\/es\/","name":"Momentoom","description":"","publisher":{"@id":"https:\/\/momentoom.com\/es\/#organization"},"potentialAction":[{"@type":"SearchAction","target":{"@type":"EntryPoint","urlTemplate":"https:\/\/momentoom.com\/es\/?s={search_term_string}"},"query-input":"required name=search_term_string"}],"inLanguage":"es"},{"@type":"Organization","@id":"https:\/\/momentoom.com\/es\/#organization","name":"Momentoom","url":"https:\/\/momentoom.com\/es\/","logo":{"@type":"ImageObject","inLanguage":"es","@id":"https:\/\/momentoom.com\/es\/#\/schema\/logo\/image\/","url":"https:\/\/momentoom.com\/wp-content\/uploads\/2024\/01\/momentoom_logo7.png","contentUrl":"https:\/\/momentoom.com\/wp-content\/uploads\/2024\/01\/momentoom_logo7.png","width":5418,"height":2917,"caption":"Momentoom"},"image":{"@id":"https:\/\/momentoom.com\/es\/#\/schema\/logo\/image\/"},"sameAs":["https:\/\/www.facebook.com\/61554252904121\/","https:\/\/www.linkedin.com\/company\/momentoomm\/"]}]}},"_links":{"self":[{"href":"https:\/\/momentoom.com\/es\/wp-json\/wp\/v2\/pages\/1222","targetHints":{"allow":["GET"]}}],"collection":[{"href":"https:\/\/momentoom.com\/es\/wp-json\/wp\/v2\/pages"}],"about":[{"href":"https:\/\/momentoom.com\/es\/wp-json\/wp\/v2\/types\/page"}],"author":[{"embeddable":true,"href":"https:\/\/momentoom.com\/es\/wp-json\/wp\/v2\/users\/2"}],"replies":[{"embeddable":true,"href":"https:\/\/momentoom.com\/es\/wp-json\/wp\/v2\/comments?post=1222"}],"version-history":[{"count":8,"href":"https:\/\/momentoom.com\/es\/wp-json\/wp\/v2\/pages\/1222\/revisions"}],"predecessor-version":[{"id":1969,"href":"https:\/\/momentoom.com\/es\/wp-json\/wp\/v2\/pages\/1222\/revisions\/1969"}],"wp:featuredmedia":[{"embeddable":true,"href":"https:\/\/momentoom.com\/es\/wp-json\/wp\/v2\/media\/1728"}],"wp:attachment":[{"href":"https:\/\/momentoom.com\/es\/wp-json\/wp\/v2\/media?parent=1222"}],"curies":[{"name":"wp","href":"https:\/\/api.w.org\/{rel}","templated":true}]}}