{"id":1200,"date":"2023-07-27T12:22:13","date_gmt":"2023-07-27T08:22:13","guid":{"rendered":"https:\/\/momentoom.com\/?page_id=1200"},"modified":"2024-01-19T13:14:20","modified_gmt":"2024-01-19T09:14:20","slug":"live-casino","status":"publish","type":"page","link":"https:\/\/momentoom.com\/es\/live-casino\/","title":{"rendered":"Live Casino"},"content":{"rendered":"","protected":false},"excerpt":{"rendered":"","protected":false},"author":2,"featured_media":1720,"parent":0,"menu_order":0,"comment_status":"closed","ping_status":"closed","template":"page-casino.php","meta":{"_acf_changed":false,"footnotes":""},"class_list":["post-1200","page","type-page","status-publish","has-post-thumbnail","hentry"],"acf":[],"yoast_head":"<!-- This site is optimized with the Yoast SEO plugin v23.0 - https:\/\/yoast.com\/wordpress\/plugins\/seo\/ -->\n<title>Software de Casino en Vivo | Lleva la emoci\u00f3n a casa con las soluciones inmersivas de Momentoom<\/title>\n<meta name=\"description\" content=\"Sum\u00e9rgete en la emoci\u00f3n del casino en vivo con las avanzadas soluciones de software de Momentoom. Eleva la experiencia de juego con nuestra tecnolog\u00eda inmersiva, llevando la atm\u00f3sfera del casino directamente a sus hogares.\" \/>\n<meta name=\"robots\" content=\"index, follow, max-snippet:-1, max-image-preview:large, max-video-preview:-1\" \/>\n<link rel=\"canonical\" href=\"https:\/\/momentoom.com\/es\/live-casino\/\" \/>\n<meta property=\"og:locale\" content=\"es_ES\" \/>\n<meta property=\"og:type\" content=\"article\" \/>\n<meta property=\"og:title\" content=\"Software de Casino en Vivo | Lleva la emoci\u00f3n a casa con las soluciones inmersivas de Momentoom\" \/>\n<meta property=\"og:description\" content=\"Sum\u00e9rgete en la emoci\u00f3n del casino en vivo con las avanzadas soluciones de software de Momentoom. Eleva la experiencia de juego con nuestra tecnolog\u00eda inmersiva, llevando la atm\u00f3sfera del casino directamente a sus hogares.\" \/>\n<meta property=\"og:url\" content=\"https:\/\/momentoom.com\/es\/live-casino\/\" \/>\n<meta property=\"og:site_name\" content=\"Momentoom\" \/>\n<meta property=\"article:publisher\" content=\"https:\/\/www.facebook.com\/61554252904121\/\" \/>\n<meta property=\"article:modified_time\" content=\"2024-01-19T09:14:20+00:00\" \/>\n<meta property=\"og:image\" content=\"https:\/\/momentoom.com\/wp-content\/uploads\/2023\/12\/Live-casino-1024x576.png\" \/>\n\t<meta property=\"og:image:width\" content=\"1024\" \/>\n\t<meta property=\"og:image:height\" content=\"576\" \/>\n\t<meta property=\"og:image:type\" content=\"image\/png\" \/>\n<meta name=\"twitter:card\" content=\"summary_large_image\" \/>\n<meta name=\"twitter:label1\" content=\"Tiempo de lectura\" \/>\n\t<meta name=\"twitter:data1\" content=\"1 minuto\" \/>\n<script type=\"application\/ld+json\" class=\"yoast-schema-graph\">{\"@context\":\"https:\/\/schema.org\",\"@graph\":[{\"@type\":\"WebPage\",\"@id\":\"https:\/\/momentoom.com\/es\/live-casino\/\",\"url\":\"https:\/\/momentoom.com\/es\/live-casino\/\",\"name\":\"Software de Casino en Vivo | Lleva la emoci\u00f3n a casa con las soluciones inmersivas de Momentoom\",\"isPartOf\":{\"@id\":\"https:\/\/momentoom.com\/es\/#website\"},\"primaryImageOfPage\":{\"@id\":\"https:\/\/momentoom.com\/es\/live-casino\/#primaryimage\"},\"image\":{\"@id\":\"https:\/\/momentoom.com\/es\/live-casino\/#primaryimage\"},\"thumbnailUrl\":\"https:\/\/momentoom.com\/wp-content\/uploads\/2023\/12\/Live-casino.png\",\"datePublished\":\"2023-07-27T08:22:13+00:00\",\"dateModified\":\"2024-01-19T09:14:20+00:00\",\"description\":\"Sum\u00e9rgete en la emoci\u00f3n del casino en vivo con las avanzadas soluciones de software de Momentoom. Eleva la experiencia de juego con nuestra tecnolog\u00eda inmersiva, llevando la atm\u00f3sfera del casino directamente a sus hogares.\",\"breadcrumb\":{\"@id\":\"https:\/\/momentoom.com\/es\/live-casino\/#breadcrumb\"},\"inLanguage\":\"es\",\"potentialAction\":[{\"@type\":\"ReadAction\",\"target\":[\"https:\/\/momentoom.com\/es\/live-casino\/\"]}]},{\"@type\":\"ImageObject\",\"inLanguage\":\"es\",\"@id\":\"https:\/\/momentoom.com\/es\/live-casino\/#primaryimage\",\"url\":\"https:\/\/momentoom.com\/wp-content\/uploads\/2023\/12\/Live-casino.png\",\"contentUrl\":\"https:\/\/momentoom.com\/wp-content\/uploads\/2023\/12\/Live-casino.png\",\"width\":6000,\"height\":3375,\"caption\":\"Live Casino Software\"},{\"@type\":\"BreadcrumbList\",\"@id\":\"https:\/\/momentoom.com\/es\/live-casino\/#breadcrumb\",\"itemListElement\":[{\"@type\":\"ListItem\",\"position\":1,\"name\":\"Home\",\"item\":\"https:\/\/momentoom.com\/es\/\"},{\"@type\":\"ListItem\",\"position\":2,\"name\":\"Live Casino\"}]},{\"@type\":\"WebSite\",\"@id\":\"https:\/\/momentoom.com\/es\/#website\",\"url\":\"https:\/\/momentoom.com\/es\/\",\"name\":\"Momentoom\",\"description\":\"\",\"publisher\":{\"@id\":\"https:\/\/momentoom.com\/es\/#organization\"},\"potentialAction\":[{\"@type\":\"SearchAction\",\"target\":{\"@type\":\"EntryPoint\",\"urlTemplate\":\"https:\/\/momentoom.com\/es\/?s={search_term_string}\"},\"query-input\":\"required name=search_term_string\"}],\"inLanguage\":\"es\"},{\"@type\":\"Organization\",\"@id\":\"https:\/\/momentoom.com\/es\/#organization\",\"name\":\"Momentoom\",\"url\":\"https:\/\/momentoom.com\/es\/\",\"logo\":{\"@type\":\"ImageObject\",\"inLanguage\":\"es\",\"@id\":\"https:\/\/momentoom.com\/es\/#\/schema\/logo\/image\/\",\"url\":\"https:\/\/momentoom.com\/wp-content\/uploads\/2024\/01\/momentoom_logo7.png\",\"contentUrl\":\"https:\/\/momentoom.com\/wp-content\/uploads\/2024\/01\/momentoom_logo7.png\",\"width\":5418,\"height\":2917,\"caption\":\"Momentoom\"},\"image\":{\"@id\":\"https:\/\/momentoom.com\/es\/#\/schema\/logo\/image\/\"},\"sameAs\":[\"https:\/\/www.facebook.com\/61554252904121\/\",\"https:\/\/www.linkedin.com\/company\/momentoomm\/\"]}]}<\/script>\n<!-- \/ Yoast SEO plugin. -->","yoast_head_json":{"title":"Software de Casino en Vivo | Lleva la emoci\u00f3n a casa con las soluciones inmersivas de Momentoom","description":"Sum\u00e9rgete en la emoci\u00f3n del casino en vivo con las avanzadas soluciones de software de Momentoom. Eleva la experiencia de juego con nuestra tecnolog\u00eda inmersiva, llevando la atm\u00f3sfera del casino directamente a sus hogares.","robots":{"index":"index","follow":"follow","max-snippet":"max-snippet:-1","max-image-preview":"max-image-preview:large","max-video-preview":"max-video-preview:-1"},"canonical":"https:\/\/momentoom.com\/es\/live-casino\/","og_locale":"es_ES","og_type":"article","og_title":"Software de Casino en Vivo | Lleva la emoci\u00f3n a casa con las soluciones inmersivas de Momentoom","og_description":"Sum\u00e9rgete en la emoci\u00f3n del casino en vivo con las avanzadas soluciones de software de Momentoom. Eleva la experiencia de juego con nuestra tecnolog\u00eda inmersiva, llevando la atm\u00f3sfera del casino directamente a sus hogares.","og_url":"https:\/\/momentoom.com\/es\/live-casino\/","og_site_name":"Momentoom","article_publisher":"https:\/\/www.facebook.com\/61554252904121\/","article_modified_time":"2024-01-19T09:14:20+00:00","og_image":[{"width":1024,"height":576,"url":"https:\/\/momentoom.com\/wp-content\/uploads\/2023\/12\/Live-casino-1024x576.png","type":"image\/png"}],"twitter_card":"summary_large_image","twitter_misc":{"Tiempo de lectura":"1 minuto"},"schema":{"@context":"https:\/\/schema.org","@graph":[{"@type":"WebPage","@id":"https:\/\/momentoom.com\/es\/live-casino\/","url":"https:\/\/momentoom.com\/es\/live-casino\/","name":"Software de Casino en Vivo | Lleva la emoci\u00f3n a casa con las soluciones inmersivas de Momentoom","isPartOf":{"@id":"https:\/\/momentoom.com\/es\/#website"},"primaryImageOfPage":{"@id":"https:\/\/momentoom.com\/es\/live-casino\/#primaryimage"},"image":{"@id":"https:\/\/momentoom.com\/es\/live-casino\/#primaryimage"},"thumbnailUrl":"https:\/\/momentoom.com\/wp-content\/uploads\/2023\/12\/Live-casino.png","datePublished":"2023-07-27T08:22:13+00:00","dateModified":"2024-01-19T09:14:20+00:00","description":"Sum\u00e9rgete en la emoci\u00f3n del casino en vivo con las avanzadas soluciones de software de Momentoom. Eleva la experiencia de juego con nuestra tecnolog\u00eda inmersiva, llevando la atm\u00f3sfera del casino directamente a sus hogares.","breadcrumb":{"@id":"https:\/\/momentoom.com\/es\/live-casino\/#breadcrumb"},"inLanguage":"es","potentialAction":[{"@type":"ReadAction","target":["https:\/\/momentoom.com\/es\/live-casino\/"]}]},{"@type":"ImageObject","inLanguage":"es","@id":"https:\/\/momentoom.com\/es\/live-casino\/#primaryimage","url":"https:\/\/momentoom.com\/wp-content\/uploads\/2023\/12\/Live-casino.png","contentUrl":"https:\/\/momentoom.com\/wp-content\/uploads\/2023\/12\/Live-casino.png","width":6000,"height":3375,"caption":"Live Casino Software"},{"@type":"BreadcrumbList","@id":"https:\/\/momentoom.com\/es\/live-casino\/#breadcrumb","itemListElement":[{"@type":"ListItem","position":1,"name":"Home","item":"https:\/\/momentoom.com\/es\/"},{"@type":"ListItem","position":2,"name":"Live Casino"}]},{"@type":"WebSite","@id":"https:\/\/momentoom.com\/es\/#website","url":"https:\/\/momentoom.com\/es\/","name":"Momentoom","description":"","publisher":{"@id":"https:\/\/momentoom.com\/es\/#organization"},"potentialAction":[{"@type":"SearchAction","target":{"@type":"EntryPoint","urlTemplate":"https:\/\/momentoom.com\/es\/?s={search_term_string}"},"query-input":"required name=search_term_string"}],"inLanguage":"es"},{"@type":"Organization","@id":"https:\/\/momentoom.com\/es\/#organization","name":"Momentoom","url":"https:\/\/momentoom.com\/es\/","logo":{"@type":"ImageObject","inLanguage":"es","@id":"https:\/\/momentoom.com\/es\/#\/schema\/logo\/image\/","url":"https:\/\/momentoom.com\/wp-content\/uploads\/2024\/01\/momentoom_logo7.png","contentUrl":"https:\/\/momentoom.com\/wp-content\/uploads\/2024\/01\/momentoom_logo7.png","width":5418,"height":2917,"caption":"Momentoom"},"image":{"@id":"https:\/\/momentoom.com\/es\/#\/schema\/logo\/image\/"},"sameAs":["https:\/\/www.facebook.com\/61554252904121\/","https:\/\/www.linkedin.com\/company\/momentoomm\/"]}]}},"_links":{"self":[{"href":"https:\/\/momentoom.com\/es\/wp-json\/wp\/v2\/pages\/1200","targetHints":{"allow":["GET"]}}],"collection":[{"href":"https:\/\/momentoom.com\/es\/wp-json\/wp\/v2\/pages"}],"about":[{"href":"https:\/\/momentoom.com\/es\/wp-json\/wp\/v2\/types\/page"}],"author":[{"embeddable":true,"href":"https:\/\/momentoom.com\/es\/wp-json\/wp\/v2\/users\/2"}],"replies":[{"embeddable":true,"href":"https:\/\/momentoom.com\/es\/wp-json\/wp\/v2\/comments?post=1200"}],"version-history":[{"count":3,"href":"https:\/\/momentoom.com\/es\/wp-json\/wp\/v2\/pages\/1200\/revisions"}],"predecessor-version":[{"id":1966,"href":"https:\/\/momentoom.com\/es\/wp-json\/wp\/v2\/pages\/1200\/revisions\/1966"}],"wp:featuredmedia":[{"embeddable":true,"href":"https:\/\/momentoom.com\/es\/wp-json\/wp\/v2\/media\/1720"}],"wp:attachment":[{"href":"https:\/\/momentoom.com\/es\/wp-json\/wp\/v2\/media?parent=1200"}],"curies":[{"name":"wp","href":"https:\/\/api.w.org\/{rel}","templated":true}]}}